{"id":62494,"date":"2025-10-23T16:38:27","date_gmt":"2025-10-23T14:38:27","guid":{"rendered":"https:\/\/www.imperialtorte.com\/?post_type=product&#038;p=62494"},"modified":"2025-12-18T14:52:24","modified_gmt":"2025-12-18T13:52:24","slug":"geschenkset-n1-das-original-charles-heidsieck","status":"publish","type":"product","link":"https:\/\/www.imperialtorte.com\/unsere-produkte\/geschenkset-n1-das-original-charles-heidsieck\/","title":{"rendered":"Geschenkset N\u00b01 Das Original &#038; Charles Heidsieck"},"content":{"rendered":"\t\t<div data-elementor-type=\"wp-post\" data-elementor-id=\"62494\" class=\"elementor elementor-62494\">\n\t\t\t\t\t\t<section class=\"elementor-section elementor-top-section elementor-element elementor-element-321af90 elementor-section-boxed elementor-section-height-default elementor-section-height-default\" data-id=\"321af90\" data-element_type=\"section\" data-e-type=\"section\">\n\t\t\t\t\t\t<div class=\"elementor-container elementor-column-gap-default\">\n\t\t\t\t\t<div class=\"elementor-column elementor-col-100 elementor-top-column elementor-element elementor-element-9468bef\" data-id=\"9468bef\" data-element_type=\"column\" data-e-type=\"column\">\n\t\t\t<div class=\"elementor-widget-wrap elementor-element-populated\">\n\t\t\t\t\t\t<div class=\"elementor-element elementor-element-26eed8a elementor-widget elementor-widget-toggle\" data-id=\"26eed8a\" data-element_type=\"widget\" data-e-type=\"widget\" data-widget_type=\"toggle.default\">\n\t\t\t\t<div class=\"elementor-widget-container\">\n\t\t\t\t\t\t\t<div class=\"elementor-toggle\">\n\t\t\t\t\t\t\t<div class=\"elementor-toggle-item\">\n\t\t\t\t\t<div id=\"elementor-tab-title-4081\" class=\"elementor-tab-title\" data-tab=\"1\" role=\"button\" aria-controls=\"elementor-tab-content-4081\" aria-expanded=\"false\">\n\t\t\t\t\t\t\t\t\t\t\t\t<span class=\"elementor-toggle-icon elementor-toggle-icon-right\" aria-hidden=\"true\">\n\t\t\t\t\t\t\t\t\t\t\t\t\t\t\t<span class=\"elementor-toggle-icon-closed\"><i class=\"fas fa-caret-right\"><\/i><\/span>\n\t\t\t\t\t\t\t\t<span class=\"elementor-toggle-icon-opened\"><i class=\"elementor-toggle-icon-opened fas fa-caret-up\"><\/i><\/span>\n\t\t\t\t\t\t\t\t\t\t\t\t\t<\/span>\n\t\t\t\t\t\t\t\t\t\t\t\t<a class=\"elementor-toggle-title\" tabindex=\"0\">Details<\/a>\n\t\t\t\t\t<\/div>\n\n\t\t\t\t\t<div id=\"elementor-tab-content-4081\" class=\"elementor-tab-content elementor-clearfix\" data-tab=\"1\" role=\"region\" aria-labelledby=\"elementor-tab-title-4081\"><p>Bitte beachten Sie, dass wir das Geschenkset aus rechtlichen Gr\u00fcnden nur innerhalb von \u00d6sterreich und nach Deutschland versenden.<\/p>\n<p>Photo credits:<br>(c) Kirchgasser Photography<br>(c) Helf.Photography<\/p>\n<p>Charles Heidsieck Blanc de Blanc 0,375l<\/p>\n<p>Schokoladebuttercreme Mandel Marzipan Torte mit kakaohaltiger Fettglasur \u00fcberzogen.<\/p>\n<ul>\n<li>14 x 14 x 4 cm \/ 9 Portionen<\/li>\n<li>Nettof\u00fcllmenge: 500 g<\/li>\n<li>Versandgewicht: 1.050 g<\/li>\n<li>Versandgr\u00f6\u00dfe: 255 x 235 x 65 mm<\/li>\n<\/ul>\n<p><strong>Zutaten<\/strong><\/p>\n<ul>\n<li data-pm-slice=\"1 1 []\">Schokoladecreme<\/li>\n<li data-pm-slice=\"1 1 []\">Mandelbl\u00e4tter<\/li>\n<li data-pm-slice=\"1 1 []\">Marzipanmasse<\/li>\n<li data-pm-slice=\"1 1 []\">kakaohaltige Fettglasur<\/li>\n<li data-pm-slice=\"1 1 []\">Schokolade-Dekor<\/li>\n<\/ul>\n<p><strong>Allergene<br><\/strong>Kann andere Schalenfr\u00fcchte (N\u00fcsse), andere Milcherzeugnisse (einschlie\u00dflich Lactose), glutenhaltiges Getreide, Erdn\u00fcsse und Sesam enthalten.<\/p>\n<p><span id=\"tablepress-6-description\" class=\"tablepress-table-description tablepress-table-description-id-6\">N\u00e4hrwerte 100 g<\/span>\n\n<table id=\"tablepress-6\" class=\"tablepress tablepress-id-6\" aria-describedby=\"tablepress-6-description\">\n<tbody>\n<tr class=\"row-1\">\n\t<td class=\"column-1\">Energie<\/td><td class=\"column-2\">2134 \/ 513 kcal<\/td>\n<\/tr>\n<tr class=\"row-2\">\n\t<td class=\"column-1\">Fett<\/td><td class=\"column-2\">35 g<\/td>\n<\/tr>\n<tr class=\"row-3\">\n\t<td class=\"column-1\">davon ges\u00e4ttigte Fetts\u00e4ure<\/td><td class=\"column-2\">20 g<\/td>\n<\/tr>\n<tr class=\"row-4\">\n\t<td class=\"column-1\">Kohlenhydrate<\/td><td class=\"column-2\">40 g<\/td>\n<\/tr>\n<tr class=\"row-5\">\n\t<td class=\"column-1\">davon Zucker<\/td><td class=\"column-2\">39 g<\/td>\n<\/tr>\n<tr class=\"row-6\">\n\t<td class=\"column-1\">Eiwei\u00df<\/td><td class=\"column-2\">7,7 g<\/td>\n<\/tr>\n<tr class=\"row-7\">\n\t<td class=\"column-1\">Salz<\/td><td class=\"column-2\">0,10 g<\/td>\n<\/tr>\n<\/tbody>\n<\/table>\n<!-- #tablepress-6 from cache --><\/p><\/div>\n\t\t\t\t<\/div>\n\t\t\t\t\t\t\t<div class=\"elementor-toggle-item\">\n\t\t\t\t\t<div id=\"elementor-tab-title-4082\" class=\"elementor-tab-title\" data-tab=\"2\" role=\"button\" aria-controls=\"elementor-tab-content-4082\" aria-expanded=\"false\">\n\t\t\t\t\t\t\t\t\t\t\t\t<span class=\"elementor-toggle-icon elementor-toggle-icon-right\" aria-hidden=\"true\">\n\t\t\t\t\t\t\t\t\t\t\t\t\t\t\t<span class=\"elementor-toggle-icon-closed\"><i class=\"fas fa-caret-right\"><\/i><\/span>\n\t\t\t\t\t\t\t\t<span class=\"elementor-toggle-icon-opened\"><i class=\"elementor-toggle-icon-opened fas fa-caret-up\"><\/i><\/span>\n\t\t\t\t\t\t\t\t\t\t\t\t\t<\/span>\n\t\t\t\t\t\t\t\t\t\t\t\t<a class=\"elementor-toggle-title\" tabindex=\"0\">Versandinformationen<\/a>\n\t\t\t\t\t<\/div>\n\n\t\t\t\t\t<div id=\"elementor-tab-content-4082\" class=\"elementor-tab-content elementor-clearfix\" data-tab=\"2\" role=\"region\" aria-labelledby=\"elementor-tab-title-4082\"><p>\n<table id=\"tablepress-15\" class=\"tablepress tablepress-id-15\">\n<thead>\n<tr class=\"row-1\">\n\t<th class=\"column-1\"><strong>Versandgewicht<\/strong><\/th><th class=\"column-2\"><strong>2,5 kg<\/strong><\/th><th class=\"column-3\"><strong>Werktage<\/strong><\/th>\n<\/tr>\n<\/thead>\n<tbody>\n<tr class=\"row-2\">\n\t<td class=\"column-1\">\u00d6sterreich<\/td><td class=\"column-2\">13 \u20ac<\/td><td class=\"column-3\">1-2<\/td>\n<\/tr>\n<tr class=\"row-3\">\n\t<td class=\"column-1\">Deutschland<\/td><td class=\"column-2\">35 \u20ac<\/td><td class=\"column-3\">1-2<\/td>\n<\/tr>\n<\/tbody>\n<\/table>\n<!-- #tablepress-15 from cache --><\/p><p>Nach Eingabe Ihrer Lieferadresse im Onlineshop erhalten Sie den Gesamtpreis Ihrer Bestellung.<\/p><p><strong><span class=\"text-color text-color--default\"><span class=\"text-highlight text-highlight--green\">Keine Zollgeb\u00fchren inkludiert!<\/span><\/span><\/strong><\/p><\/div>\n\t\t\t\t<\/div>\n\t\t\t\t\t\t\t\t<\/div>\n\t\t\t\t\t\t<\/div>\n\t\t\t\t<\/div>\n\t\t\t\t\t<\/div>\n\t\t<\/div>\n\t\t\t\t\t<\/div>\n\t\t<\/section>\n\t\t\t\t<\/div>\n\t\t","protected":false},"excerpt":{"rendered":"<p>Wer Genuss teilt, genie\u00dft doppelt!<\/p>\n<p>Versand ausschlie\u00dflich innerhalb der EU m\u00f6glich!<\/p>\n","protected":false},"featured_media":62628,"template":"","meta":{"_acf_changed":false,"_genesis_hide_title":false,"_genesis_hide_breadcrumbs":false,"_genesis_hide_singular_image":false,"_genesis_hide_footer_widgets":false,"_genesis_custom_body_class":"","_genesis_custom_post_class":"","_genesis_layout":""},"product_brand":[],"product_cat":[20],"product_tag":[],"giftcard-category":[],"class_list":{"0":"post-62494","1":"product","2":"type-product","3":"status-publish","4":"has-post-thumbnail","6":"product_cat-geschenkartikel","7":"entry","9":"first","10":"instock","11":"taxable","12":"shipping-taxable","13":"purchasable","14":"product-type-simple"},"acf":[],"yoast_head":"<!-- This site is optimized with the Yoast SEO plugin v27.4 - https:\/\/yoast.com\/product\/yoast-seo-wordpress\/ -->\n<title>Geschenkset N\u00b01 Das Original &amp; Charles Heidsieck - Imperial Torte<\/title>\n<meta name=\"robots\" content=\"index, follow, max-snippet:-1, max-image-preview:large, max-video-preview:-1\" \/>\n<link rel=\"canonical\" href=\"https:\/\/www.imperialtorte.com\/unsere-produkte\/geschenkset-n1-das-original-charles-heidsieck\/\" \/>\n<meta property=\"og:locale\" content=\"en_US\" \/>\n<meta property=\"og:type\" content=\"article\" \/>\n<meta property=\"og:title\" content=\"Geschenkset N\u00b01 Das Original &amp; Charles Heidsieck - Imperial Torte\" \/>\n<meta property=\"og:description\" content=\"Wer Genuss teilt, genie\u00dft doppelt!  Versand ausschlie\u00dflich innerhalb der EU m\u00f6glich!\" \/>\n<meta property=\"og:url\" content=\"https:\/\/www.imperialtorte.com\/unsere-produkte\/geschenkset-n1-das-original-charles-heidsieck\/\" \/>\n<meta property=\"og:site_name\" content=\"Imperial Torte\" \/>\n<meta property=\"article:publisher\" content=\"https:\/\/www.facebook.com\/Imperial-Torte-Wien-312279512992155\" \/>\n<meta property=\"article:modified_time\" content=\"2025-12-18T13:52:24+00:00\" \/>\n<meta property=\"og:image\" content=\"https:\/\/www.imperialtorte.com\/wp-content\/uploads\/imperial-torte-wien-das-original-geschenkset-heidsieck.png\" \/>\n\t<meta property=\"og:image:width\" content=\"800\" \/>\n\t<meta property=\"og:image:height\" content=\"740\" \/>\n\t<meta property=\"og:image:type\" content=\"image\/png\" \/>\n<meta name=\"twitter:card\" content=\"summary_large_image\" \/>\n<meta name=\"twitter:label1\" content=\"Est. reading time\" \/>\n\t<meta name=\"twitter:data1\" content=\"1 minute\" \/>\n<script type=\"application\/ld+json\" class=\"yoast-schema-graph\">{\"@context\":\"https:\\\/\\\/schema.org\",\"@graph\":[{\"@type\":\"WebPage\",\"@id\":\"https:\\\/\\\/www.imperialtorte.com\\\/unsere-produkte\\\/geschenkset-n1-das-original-charles-heidsieck\\\/\",\"url\":\"https:\\\/\\\/www.imperialtorte.com\\\/unsere-produkte\\\/geschenkset-n1-das-original-charles-heidsieck\\\/\",\"name\":\"Geschenkset N\u00b01 Das Original & Charles Heidsieck - Imperial Torte\",\"isPartOf\":{\"@id\":\"https:\\\/\\\/www.imperialtorte.com\\\/en\\\/#website\"},\"primaryImageOfPage\":{\"@id\":\"https:\\\/\\\/www.imperialtorte.com\\\/unsere-produkte\\\/geschenkset-n1-das-original-charles-heidsieck\\\/#primaryimage\"},\"image\":{\"@id\":\"https:\\\/\\\/www.imperialtorte.com\\\/unsere-produkte\\\/geschenkset-n1-das-original-charles-heidsieck\\\/#primaryimage\"},\"thumbnailUrl\":\"https:\\\/\\\/www.imperialtorte.com\\\/wp-content\\\/uploads\\\/imperial-torte-wien-das-original-geschenkset-heidsieck.png\",\"datePublished\":\"2025-10-23T14:38:27+00:00\",\"dateModified\":\"2025-12-18T13:52:24+00:00\",\"breadcrumb\":{\"@id\":\"https:\\\/\\\/www.imperialtorte.com\\\/unsere-produkte\\\/geschenkset-n1-das-original-charles-heidsieck\\\/#breadcrumb\"},\"inLanguage\":\"en-US\",\"potentialAction\":[{\"@type\":\"ReadAction\",\"target\":[\"https:\\\/\\\/www.imperialtorte.com\\\/unsere-produkte\\\/geschenkset-n1-das-original-charles-heidsieck\\\/\"]}]},{\"@type\":\"ImageObject\",\"inLanguage\":\"en-US\",\"@id\":\"https:\\\/\\\/www.imperialtorte.com\\\/unsere-produkte\\\/geschenkset-n1-das-original-charles-heidsieck\\\/#primaryimage\",\"url\":\"https:\\\/\\\/www.imperialtorte.com\\\/wp-content\\\/uploads\\\/imperial-torte-wien-das-original-geschenkset-heidsieck.png\",\"contentUrl\":\"https:\\\/\\\/www.imperialtorte.com\\\/wp-content\\\/uploads\\\/imperial-torte-wien-das-original-geschenkset-heidsieck.png\",\"width\":800,\"height\":740,\"caption\":\"Imperial Torte N\u00b01 Das Original im Geschenkset mit Champagner von Charles Heidsieck.\"},{\"@type\":\"BreadcrumbList\",\"@id\":\"https:\\\/\\\/www.imperialtorte.com\\\/unsere-produkte\\\/geschenkset-n1-das-original-charles-heidsieck\\\/#breadcrumb\",\"itemListElement\":[{\"@type\":\"ListItem\",\"position\":1,\"name\":\"Home\",\"item\":\"https:\\\/\\\/www.imperialtorte.com\\\/\"},{\"@type\":\"ListItem\",\"position\":2,\"name\":\"Our Products\",\"item\":\"https:\\\/\\\/www.imperialtorte.com\\\/en\\\/our-products\\\/\"},{\"@type\":\"ListItem\",\"position\":3,\"name\":\"Geschenkset N\u00b01 Das Original &#038; Charles Heidsieck\"}]},{\"@type\":\"WebSite\",\"@id\":\"https:\\\/\\\/www.imperialtorte.com\\\/en\\\/#website\",\"url\":\"https:\\\/\\\/www.imperialtorte.com\\\/en\\\/\",\"name\":\"Imperial Torte\",\"description\":\"Kaiserliche Verf\u00fchrung\",\"publisher\":{\"@id\":\"https:\\\/\\\/www.imperialtorte.com\\\/en\\\/#organization\"},\"potentialAction\":[{\"@type\":\"SearchAction\",\"target\":{\"@type\":\"EntryPoint\",\"urlTemplate\":\"https:\\\/\\\/www.imperialtorte.com\\\/en\\\/?s={search_term_string}\"},\"query-input\":{\"@type\":\"PropertyValueSpecification\",\"valueRequired\":true,\"valueName\":\"search_term_string\"}}],\"inLanguage\":\"en-US\"},{\"@type\":\"Organization\",\"@id\":\"https:\\\/\\\/www.imperialtorte.com\\\/en\\\/#organization\",\"name\":\"Imperial Hotels Austria GmbH\",\"url\":\"https:\\\/\\\/www.imperialtorte.com\\\/en\\\/\",\"logo\":{\"@type\":\"ImageObject\",\"inLanguage\":\"en-US\",\"@id\":\"https:\\\/\\\/www.imperialtorte.com\\\/en\\\/#\\\/schema\\\/logo\\\/image\\\/\",\"url\":\"https:\\\/\\\/www.imperialtorte.com\\\/wp-content\\\/uploads\\\/logo-imperial-torte-gutscheine.png\",\"contentUrl\":\"https:\\\/\\\/www.imperialtorte.com\\\/wp-content\\\/uploads\\\/logo-imperial-torte-gutscheine.png\",\"width\":340,\"height\":112,\"caption\":\"Imperial Hotels Austria GmbH\"},\"image\":{\"@id\":\"https:\\\/\\\/www.imperialtorte.com\\\/en\\\/#\\\/schema\\\/logo\\\/image\\\/\"},\"sameAs\":[\"https:\\\/\\\/www.facebook.com\\\/Imperial-Torte-Wien-312279512992155\",\"https:\\\/\\\/www.instagram.com\\\/imperialtortewien\\\/\",\"https:\\\/\\\/www.youtube.com\\\/channel\\\/UC4qdahuSW5vm47Cge6d0C9Q\",\"https:\\\/\\\/de.m.wikipedia.org\\\/wiki\\\/Hotel_Imperial_(Wien)#Imperial-Torte\"]}]}<\/script>\n<!-- \/ Yoast SEO plugin. -->","yoast_head_json":{"title":"Geschenkset N\u00b01 Das Original & Charles Heidsieck - Imperial Torte","robots":{"index":"index","follow":"follow","max-snippet":"max-snippet:-1","max-image-preview":"max-image-preview:large","max-video-preview":"max-video-preview:-1"},"canonical":"https:\/\/www.imperialtorte.com\/unsere-produkte\/geschenkset-n1-das-original-charles-heidsieck\/","og_locale":"en_US","og_type":"article","og_title":"Geschenkset N\u00b01 Das Original & Charles Heidsieck - Imperial Torte","og_description":"Wer Genuss teilt, genie\u00dft doppelt!  Versand ausschlie\u00dflich innerhalb der EU m\u00f6glich!","og_url":"https:\/\/www.imperialtorte.com\/unsere-produkte\/geschenkset-n1-das-original-charles-heidsieck\/","og_site_name":"Imperial Torte","article_publisher":"https:\/\/www.facebook.com\/Imperial-Torte-Wien-312279512992155","article_modified_time":"2025-12-18T13:52:24+00:00","og_image":[{"width":800,"height":740,"url":"https:\/\/www.imperialtorte.com\/wp-content\/uploads\/imperial-torte-wien-das-original-geschenkset-heidsieck.png","type":"image\/png"}],"twitter_card":"summary_large_image","twitter_misc":{"Est. reading time":"1 minute"},"schema":{"@context":"https:\/\/schema.org","@graph":[{"@type":"WebPage","@id":"https:\/\/www.imperialtorte.com\/unsere-produkte\/geschenkset-n1-das-original-charles-heidsieck\/","url":"https:\/\/www.imperialtorte.com\/unsere-produkte\/geschenkset-n1-das-original-charles-heidsieck\/","name":"Geschenkset N\u00b01 Das Original & Charles Heidsieck - Imperial Torte","isPartOf":{"@id":"https:\/\/www.imperialtorte.com\/en\/#website"},"primaryImageOfPage":{"@id":"https:\/\/www.imperialtorte.com\/unsere-produkte\/geschenkset-n1-das-original-charles-heidsieck\/#primaryimage"},"image":{"@id":"https:\/\/www.imperialtorte.com\/unsere-produkte\/geschenkset-n1-das-original-charles-heidsieck\/#primaryimage"},"thumbnailUrl":"https:\/\/www.imperialtorte.com\/wp-content\/uploads\/imperial-torte-wien-das-original-geschenkset-heidsieck.png","datePublished":"2025-10-23T14:38:27+00:00","dateModified":"2025-12-18T13:52:24+00:00","breadcrumb":{"@id":"https:\/\/www.imperialtorte.com\/unsere-produkte\/geschenkset-n1-das-original-charles-heidsieck\/#breadcrumb"},"inLanguage":"en-US","potentialAction":[{"@type":"ReadAction","target":["https:\/\/www.imperialtorte.com\/unsere-produkte\/geschenkset-n1-das-original-charles-heidsieck\/"]}]},{"@type":"ImageObject","inLanguage":"en-US","@id":"https:\/\/www.imperialtorte.com\/unsere-produkte\/geschenkset-n1-das-original-charles-heidsieck\/#primaryimage","url":"https:\/\/www.imperialtorte.com\/wp-content\/uploads\/imperial-torte-wien-das-original-geschenkset-heidsieck.png","contentUrl":"https:\/\/www.imperialtorte.com\/wp-content\/uploads\/imperial-torte-wien-das-original-geschenkset-heidsieck.png","width":800,"height":740,"caption":"Imperial Torte N\u00b01 Das Original im Geschenkset mit Champagner von Charles Heidsieck."},{"@type":"BreadcrumbList","@id":"https:\/\/www.imperialtorte.com\/unsere-produkte\/geschenkset-n1-das-original-charles-heidsieck\/#breadcrumb","itemListElement":[{"@type":"ListItem","position":1,"name":"Home","item":"https:\/\/www.imperialtorte.com\/"},{"@type":"ListItem","position":2,"name":"Our Products","item":"https:\/\/www.imperialtorte.com\/en\/our-products\/"},{"@type":"ListItem","position":3,"name":"Geschenkset N\u00b01 Das Original &#038; Charles Heidsieck"}]},{"@type":"WebSite","@id":"https:\/\/www.imperialtorte.com\/en\/#website","url":"https:\/\/www.imperialtorte.com\/en\/","name":"Imperial Torte","description":"Kaiserliche Verf\u00fchrung","publisher":{"@id":"https:\/\/www.imperialtorte.com\/en\/#organization"},"potentialAction":[{"@type":"SearchAction","target":{"@type":"EntryPoint","urlTemplate":"https:\/\/www.imperialtorte.com\/en\/?s={search_term_string}"},"query-input":{"@type":"PropertyValueSpecification","valueRequired":true,"valueName":"search_term_string"}}],"inLanguage":"en-US"},{"@type":"Organization","@id":"https:\/\/www.imperialtorte.com\/en\/#organization","name":"Imperial Hotels Austria GmbH","url":"https:\/\/www.imperialtorte.com\/en\/","logo":{"@type":"ImageObject","inLanguage":"en-US","@id":"https:\/\/www.imperialtorte.com\/en\/#\/schema\/logo\/image\/","url":"https:\/\/www.imperialtorte.com\/wp-content\/uploads\/logo-imperial-torte-gutscheine.png","contentUrl":"https:\/\/www.imperialtorte.com\/wp-content\/uploads\/logo-imperial-torte-gutscheine.png","width":340,"height":112,"caption":"Imperial Hotels Austria GmbH"},"image":{"@id":"https:\/\/www.imperialtorte.com\/en\/#\/schema\/logo\/image\/"},"sameAs":["https:\/\/www.facebook.com\/Imperial-Torte-Wien-312279512992155","https:\/\/www.instagram.com\/imperialtortewien\/","https:\/\/www.youtube.com\/channel\/UC4qdahuSW5vm47Cge6d0C9Q","https:\/\/de.m.wikipedia.org\/wiki\/Hotel_Imperial_(Wien)#Imperial-Torte"]}]}},"_links":{"self":[{"href":"https:\/\/www.imperialtorte.com\/en\/wp-json\/wp\/v2\/product\/62494","targetHints":{"allow":["GET"]}}],"collection":[{"href":"https:\/\/www.imperialtorte.com\/en\/wp-json\/wp\/v2\/product"}],"about":[{"href":"https:\/\/www.imperialtorte.com\/en\/wp-json\/wp\/v2\/types\/product"}],"version-history":[{"count":24,"href":"https:\/\/www.imperialtorte.com\/en\/wp-json\/wp\/v2\/product\/62494\/revisions"}],"predecessor-version":[{"id":62630,"href":"https:\/\/www.imperialtorte.com\/en\/wp-json\/wp\/v2\/product\/62494\/revisions\/62630"}],"wp:featuredmedia":[{"embeddable":true,"href":"https:\/\/www.imperialtorte.com\/en\/wp-json\/wp\/v2\/media\/62628"}],"wp:attachment":[{"href":"https:\/\/www.imperialtorte.com\/en\/wp-json\/wp\/v2\/media?parent=62494"}],"wp:term":[{"taxonomy":"product_brand","embeddable":true,"href":"https:\/\/www.imperialtorte.com\/en\/wp-json\/wp\/v2\/product_brand?post=62494"},{"taxonomy":"product_cat","embeddable":true,"href":"https:\/\/www.imperialtorte.com\/en\/wp-json\/wp\/v2\/product_cat?post=62494"},{"taxonomy":"product_tag","embeddable":true,"href":"https:\/\/www.imperialtorte.com\/en\/wp-json\/wp\/v2\/product_tag?post=62494"},{"taxonomy":"giftcard-category","embeddable":true,"href":"https:\/\/www.imperialtorte.com\/en\/wp-json\/wp\/v2\/giftcard-category?post=62494"}],"curies":[{"name":"wp","href":"https:\/\/api.w.org\/{rel}","templated":true}]}}